{"id":397,"date":"2025-10-08T15:44:58","date_gmt":"2025-10-08T15:44:58","guid":{"rendered":"https:\/\/apexmovementculture.com\/?page_id=397"},"modified":"2026-03-29T16:29:50","modified_gmt":"2026-03-29T16:29:50","slug":"contacto-entrenador-personal-cerca-de-mi","status":"publish","type":"page","link":"https:\/\/apexmovementculture.com\/en\/contacto-entrenador-personal-cerca-de-mi\/","title":{"rendered":"Contact"},"content":{"rendered":"<div data-elementor-type=\"wp-page\" data-elementor-id=\"397\" class=\"elementor elementor-397\" data-elementor-post-type=\"page\">\n\t\t\t\t<div data-dce-background-overlay-color=\"#000000\" data-dce-background-image-url=\"https:\/\/apexmovementculture.com\/wp-content\/uploads\/2025\/10\/f9af98755b963117343305c1c24e2f55c388105c.png\" class=\"elementor-element elementor-element-1888f4d e-con-full e-flex e-con e-parent\" data-id=\"1888f4d\" data-element_type=\"container\" data-e-type=\"container\" data-settings=\"{&quot;background_background&quot;:&quot;classic&quot;}\">\n\t\t\t\t<div data-dce-title-color=\"#FFFFFF\" class=\"elementor-element elementor-element-064d9fd elementor-widget elementor-widget-heading\" data-id=\"064d9fd\" data-element_type=\"widget\" data-e-type=\"widget\" data-widget_type=\"heading.default\">\n\t\t\t\t\t<h1 class=\"elementor-heading-title elementor-size-default\">CONTACT\u00c1NOS<\/h1>\t\t\t\t<\/div>\n\t\t\t\t<div data-dce-title-color=\"#FFFFFF\" class=\"elementor-element elementor-element-2177425 elementor-widget elementor-widget-heading\" data-id=\"2177425\" data-element_type=\"widget\" data-e-type=\"widget\" data-widget_type=\"heading.default\">\n\t\t\t\t\t<h2 class=\"elementor-heading-title elementor-size-default\">Entrena. Mejora. Conecta.<\/h2>\t\t\t\t<\/div>\n\t\t\t\t<\/div>\n\t\t<div data-dce-background-color=\"#BEC8D2\" class=\"elementor-element elementor-element-554d348 e-con-full e-flex e-con e-parent\" data-id=\"554d348\" data-element_type=\"container\" data-e-type=\"container\" data-settings=\"{&quot;background_background&quot;:&quot;classic&quot;}\">\n\t\t<div class=\"elementor-element elementor-element-e5d088e e-con-full e-flex e-con e-child\" data-id=\"e5d088e\" data-element_type=\"container\" data-e-type=\"container\">\n\t\t<div class=\"elementor-element elementor-element-104d8fc e-con-full e-flex e-con e-child\" data-id=\"104d8fc\" data-element_type=\"container\" data-e-type=\"container\">\n\t\t\t\t<div class=\"elementor-element elementor-element-ee56188 elementor-widget elementor-widget-google_maps\" data-id=\"ee56188\" data-element_type=\"widget\" data-e-type=\"widget\" data-widget_type=\"google_maps.default\">\n\t\t\t\t\t\t\t<div class=\"elementor-custom-embed\">\n\t\t\t<iframe loading=\"lazy\"\n\t\t\t\t\tsrc=\"https:\/\/maps.google.com\/maps?q=Carrer%20del%20Comte%20Borrell%2C%20128%2C%2008015%20Barcelona&#038;t=m&#038;z=15&#038;output=embed&#038;iwloc=near\"\n\t\t\t\t\ttitle=\"Carrer del Comte Borrell, 128, 08015 Barcelona\"\n\t\t\t\t\taria-label=\"Carrer del Comte Borrell, 128, 08015 Barcelona\"\n\t\t\t><\/iframe>\n\t\t<\/div>\n\t\t\t\t\t\t<\/div>\n\t\t\t\t<\/div>\n\t\t<div class=\"elementor-element elementor-element-4a76c3d e-con-full e-flex e-con e-child\" data-id=\"4a76c3d\" data-element_type=\"container\" data-e-type=\"container\">\n\t\t\t\t<div class=\"elementor-element elementor-element-7454ea6 elementor-mobile-align-center elementor-icon-list--layout-traditional elementor-list-item-link-full_width elementor-widget elementor-widget-icon-list\" data-id=\"7454ea6\" data-element_type=\"widget\" data-e-type=\"widget\" data-widget_type=\"icon-list.default\">\n\t\t\t\t\t\t\t<ul class=\"elementor-icon-list-items\">\n\t\t\t\t\t\t\t<li class=\"elementor-icon-list-item\">\n\t\t\t\t\t\t\t\t\t\t\t<span class=\"elementor-icon-list-icon\">\n\t\t\t\t\t\t\t<svg aria-hidden=\"true\" class=\"e-font-icon-svg e-far-envelope\" viewbox=\"0 0 512 512\" xmlns=\"http:\/\/www.w3.org\/2000\/svg\"><path d=\"M464 64H48C21.49 64 0 85.49 0 112v288c0 26.51 21.49 48 48 48h416c26.51 0 48-21.49 48-48V112c0-26.51-21.49-48-48-48zm0 48v40.805c-22.422 18.259-58.168 46.651-134.587 106.49-16.841 13.247-50.201 45.072-73.413 44.701-23.208.375-56.579-31.459-73.413-44.701C106.18 199.465 70.425 171.067 48 152.805V112h416zM48 400V214.398c22.914 18.251 55.409 43.862 104.938 82.646 21.857 17.205 60.134 55.186 103.062 54.955 42.717.231 80.509-37.199 103.053-54.947 49.528-38.783 82.032-64.401 104.947-82.653V400H48z\"><\/path><\/svg>\t\t\t\t\t\t<\/span>\n\t\t\t\t\t\t\t\t\t\t<span class=\"elementor-icon-list-text\">Contacto<\/span>\n\t\t\t\t\t\t\t\t\t<\/li>\n\t\t\t\t\t\t<\/ul>\n\t\t\t\t\t\t<\/div>\n\t\t\t\t<div class=\"elementor-element elementor-element-b5b2511 elementor-widget elementor-widget-text-editor\" data-id=\"b5b2511\" data-element_type=\"widget\" data-e-type=\"widget\" data-widget_type=\"text-editor.default\">\n\t\t\t\t\t\t\t\t\t<p>apexmculture@gmail.com<\/p>\t\t\t\t\t\t\t\t<\/div>\n\t\t\t\t<div class=\"elementor-element elementor-element-dc044a3 elementor-widget elementor-widget-text-editor\" data-id=\"dc044a3\" data-element_type=\"widget\" data-e-type=\"widget\" data-widget_type=\"text-editor.default\">\n\t\t\t\t\t\t\t\t\t<p>686755745<\/p>\t\t\t\t\t\t\t\t<\/div>\n\t\t<div class=\"elementor-element elementor-element-53d85a3 e-con-full e-flex e-con e-child\" data-id=\"53d85a3\" data-element_type=\"container\" data-e-type=\"container\">\n\t\t\t\t<div class=\"elementor-element elementor-element-7f904c9 elementor-mobile-align-center elementor-icon-list--layout-traditional elementor-list-item-link-full_width elementor-widget elementor-widget-icon-list\" data-id=\"7f904c9\" data-element_type=\"widget\" data-e-type=\"widget\" data-widget_type=\"icon-list.default\">\n\t\t\t\t\t\t\t<ul class=\"elementor-icon-list-items\">\n\t\t\t\t\t\t\t<li class=\"elementor-icon-list-item\">\n\t\t\t\t\t\t\t\t\t\t\t<span class=\"elementor-icon-list-icon\">\n\t\t\t\t\t\t\t<svg aria-hidden=\"true\" class=\"e-font-icon-svg e-fas-location-arrow\" viewbox=\"0 0 512 512\" xmlns=\"http:\/\/www.w3.org\/2000\/svg\"><path d=\"M444.52 3.52L28.74 195.42c-47.97 22.39-31.98 92.75 19.19 92.75h175.91v175.91c0 51.17 70.36 67.17 92.75 19.19l191.9-415.78c15.99-38.39-25.59-79.97-63.97-63.97z\"><\/path><\/svg>\t\t\t\t\t\t<\/span>\n\t\t\t\t\t\t\t\t\t\t<span class=\"elementor-icon-list-text\"> ubicaci\u00f3n<\/span>\n\t\t\t\t\t\t\t\t\t<\/li>\n\t\t\t\t\t\t<\/ul>\n\t\t\t\t\t\t<\/div>\n\t\t\t\t<div class=\"elementor-element elementor-element-fbfb785 elementor-widget elementor-widget-heading\" data-id=\"fbfb785\" data-element_type=\"widget\" data-e-type=\"widget\" data-widget_type=\"heading.default\">\n\t\t\t\t\t<h2 class=\"elementor-heading-title elementor-size-default\">Comte Borrell 128, bajos derecha <br> 08015, Barcelona<\/h2>\t\t\t\t<\/div>\n\t\t\t\t<div class=\"elementor-element elementor-element-7568523 elementor-widget elementor-widget-heading\" data-id=\"7568523\" data-element_type=\"widget\" data-e-type=\"widget\" data-widget_type=\"heading.default\">\n\t\t\t\t\t<h2 class=\"elementor-heading-title elementor-size-default\">Lunes a viernes: 6:30 - 21:00 <br> S\u00e1bado: 08 -14:00 <br> Domingo: Cerrado<\/h2>\t\t\t\t<\/div>\n\t\t\t\t<\/div>\n\t\t\t\t<\/div>\n\t\t\t\t<\/div>\n\t\t\t\t<\/div>\n\t\t<div data-dce-background-color=\"#2B2B2B\" class=\"elementor-element elementor-element-bcfc75b e-con-full e-flex e-con e-parent\" data-id=\"bcfc75b\" data-element_type=\"container\" data-e-type=\"container\" id=\"maxheight\" data-settings=\"{&quot;background_background&quot;:&quot;classic&quot;}\">\n\t\t<div data-dce-background-image-url=\"https:\/\/apexmovementculture.com\/wp-content\/uploads\/2025\/10\/2180bec059cc3d47202f520c70160c36d82462a7-scaled.jpg\" class=\"elementor-element elementor-element-6ecaaf1 e-con-full e-flex e-con e-child\" data-id=\"6ecaaf1\" data-element_type=\"container\" data-e-type=\"container\" data-settings=\"{&quot;background_background&quot;:&quot;classic&quot;}\">\n\t\t\t\t<\/div>\n\t\t<div class=\"elementor-element elementor-element-acfde8f e-con-full e-flex e-con e-child\" data-id=\"acfde8f\" data-element_type=\"container\" data-e-type=\"container\">\n\t\t\t\t<div data-dce-title-color=\"#FFFFFF\" class=\"elementor-element elementor-element-ccb151f elementor-widget elementor-widget-heading\" data-id=\"ccb151f\" data-element_type=\"widget\" data-e-type=\"widget\" data-widget_type=\"heading.default\">\n\t\t\t\t\t<h2 class=\"elementor-heading-title elementor-size-default\">cont\u00e1ctanos<\/h2>\t\t\t\t<\/div>\n\t\t\t\t<div class=\"elementor-element elementor-element-b3ee899 eael-contact-form-7-button-align-center eael-contact-form-7-button-align-left eael-contact-form-7-button-custom elementor-widget elementor-widget-eael-contact-form-7\" data-id=\"b3ee899\" data-element_type=\"widget\" data-e-type=\"widget\" data-widget_type=\"eael-contact-form-7.default\">\n\t\t\t\t\t<div class=\"eael-contact-form-7-wrapper\">\n                <div class=\"eael-contact-form eael-contact-form-7 eael-contact-form-b3ee899 placeholder-show eael-contact-form-align-default\">\n<div class=\"wpcf7 no-js\" id=\"wpcf7-f93-o1\" lang=\"en-US\" dir=\"ltr\" data-wpcf7-id=\"93\">\n<div class=\"screen-reader-response\"><p role=\"status\" aria-live=\"polite\" aria-atomic=\"true\"><\/p> <ul><\/ul><\/div>\n<form action=\"\/en\/wp-json\/wp\/v2\/pages\/397#wpcf7-f93-o1\" method=\"post\" class=\"wpcf7-form init\" aria-label=\"Contact form\" novalidate=\"novalidate\" data-status=\"init\" data-trp-original-action=\"\/en\/wp-json\/wp\/v2\/pages\/397#wpcf7-f93-o1\">\n<fieldset class=\"hidden-fields-container\"><input type=\"hidden\" name=\"_wpcf7\" value=\"93\" \/><input type=\"hidden\" name=\"_wpcf7_version\" value=\"6.1.5\" \/><input type=\"hidden\" name=\"_wpcf7_locale\" value=\"en_US\" \/><input type=\"hidden\" name=\"_wpcf7_unit_tag\" value=\"wpcf7-f93-o1\" \/><input type=\"hidden\" name=\"_wpcf7_container_post\" value=\"0\" \/><input type=\"hidden\" name=\"_wpcf7_posted_data_hash\" value=\"\" \/>\n<\/fieldset>\n<div class=\"cf7-hero-form\">\n\t<div class=\"cf-row\">\n\t\t<p class=\"cf-half\"><br \/>\n<label>Nombre<br \/>\n<span class=\"wpcf7-form-control-wrap\" data-name=\"text-659\"><input size=\"40\" maxlength=\"400\" class=\"wpcf7-form-control wpcf7-text wpcf7-validates-as-required cf-input\" aria-required=\"true\" aria-invalid=\"false\" value=\"\" type=\"text\" name=\"text-659\" \/><\/span><br \/>\n<\/label>\n\t\t<\/p>\n\t\t<p class=\"cf-half surnameform1\"><br \/>\n<label>Apellidos<br \/>\n<span class=\"wpcf7-form-control-wrap\" data-name=\"text-842\"><input size=\"40\" maxlength=\"400\" class=\"wpcf7-form-control wpcf7-text wpcf7-validates-as-required cf-input\" aria-required=\"true\" aria-invalid=\"false\" value=\"\" type=\"text\" name=\"text-842\" \/><\/span><br \/>\n<\/label>\n\t\t<\/p>\n\t<\/div>\n\t<div class=\"cf-row\">\n\t\t<p class=\"cf-full celform1\"><br \/>\n<label>Tel\u00e9fono<br \/>\n<span class=\"wpcf7-form-control-wrap\" data-name=\"tel-299\"><input size=\"40\" maxlength=\"400\" class=\"wpcf7-form-control wpcf7-tel wpcf7-validates-as-required wpcf7-text wpcf7-validates-as-tel cf-input\" aria-required=\"true\" aria-invalid=\"false\" value=\"\" type=\"tel\" name=\"tel-299\" \/><\/span><br \/>\n<\/label>\n\t\t<\/p>\n\t<\/div>\n<input class=\"wpcf7-form-control wpcf7-hidden\" id=\"page_url\" value=\"\" type=\"hidden\" name=\"page_url\" \/>\n\t<div class=\"cf-row\">\n\t\t<p class=\"cf-full\"><br \/>\n<label>Selecciona el servicio<br \/>\n<span class=\"wpcf7-form-control-wrap\" data-name=\"servicio\"><select class=\"wpcf7-form-control wpcf7-select wpcf7-validates-as-required cf-select\" aria-required=\"true\" aria-invalid=\"false\" name=\"servicio\"><option value=\"Entrenamiento personal\">Entrenamiento personal<\/option><option value=\"Nutrici\u00f3n\">Nutrici\u00f3n<\/option><option value=\"Fisioterapia\">Fisioterapia<\/option><\/select><\/span><br \/>\n<\/label>\n\t\t<\/p>\n\t<\/div>\n\t<div class=\"cf-row\">\n\t\t<p class=\"cf-full\"><br \/>\n<label>Mensaje<br \/>\n<span class=\"wpcf7-form-control-wrap\" data-name=\"textarea-911\"><textarea cols=\"40\" rows=\"10\" maxlength=\"2000\" class=\"wpcf7-form-control wpcf7-textarea wpcf7-validates-as-required cf-textarea\" aria-required=\"true\" aria-invalid=\"false\" name=\"textarea-911\"><\/textarea><\/span><br \/>\n<\/label>\n\t\t<\/p>\n\t<\/div>\n\t<div class=\"cf-row cf-actions\">\n\t\t<p><input class=\"wpcf7-form-control wpcf7-submit has-spinner normal-btn\" type=\"submit\" value=\"Enviar\" \/>\n\t\t<\/p>\n\t<\/div>\n<\/div><div class=\"wpcf7-response-output\" aria-hidden=\"true\"><\/div>\n<input type=\"hidden\" name=\"trp-form-language\" value=\"en\"\/><\/form>\n<\/div>\n<\/div>\n            <\/div>\t\t\t\t<\/div>\n\t\t\t\t<\/div>\n\t\t\t\t<\/div>\n\t\t\t\t<\/div>","protected":false},"excerpt":{"rendered":"<p>CONTACT\u00c1NOS Entrena. Mejora. Conecta. Contacto apexmculture@gmail.com 686755745 ubicaci\u00f3n Comte Borrell 128, bajos derecha 08015, Barcelona Lunes a viernes: 6:30 &#8211; 21:00 S\u00e1bado: 08 -14:00 Domingo: Cerrado cont\u00e1ctanos Nombre Apellidos Tel\u00e9fono Selecciona el servicio Entrenamiento personalNutrici\u00f3nFisioterapia Mensaje<\/p>","protected":false},"author":1,"featured_media":0,"parent":0,"menu_order":0,"comment_status":"closed","ping_status":"closed","template":"elementor_header_footer","meta":{"footnotes":""},"class_list":["post-397","page","type-page","status-publish","hentry"],"yoast_head":"<!-- This site is optimized with the Yoast SEO plugin v27.4 - https:\/\/yoast.com\/product\/yoast-seo-wordpress\/ -->\n<title>Contact - APEX<\/title>\n<meta name=\"description\" content=\"Contacta con Apex en Barcelona, C\/ Comte Borrell 128. Resuelve tus dudas de entreno y fisio. \u00a1Escr\u00edbenos y empieza tu cambio!\" \/>\n<meta name=\"robots\" content=\"index, follow, max-snippet:-1, max-image-preview:large, max-video-preview:-1\" \/>\n<link rel=\"canonical\" href=\"https:\/\/apexmovementculture.com\/en\/contacto-entrenador-personal-cerca-de-mi\/\" \/>\n<meta property=\"og:locale\" content=\"en_US\" \/>\n<meta property=\"og:type\" content=\"article\" \/>\n<meta property=\"og:title\" content=\"Contact - APEX\" \/>\n<meta property=\"og:description\" content=\"Contacta con Apex en Barcelona, C\/ Comte Borrell 128. Resuelve tus dudas de entreno y fisio. \u00a1Escr\u00edbenos y empieza tu cambio!\" \/>\n<meta property=\"og:url\" content=\"https:\/\/apexmovementculture.com\/en\/contacto-entrenador-personal-cerca-de-mi\/\" \/>\n<meta property=\"og:site_name\" content=\"APEX\" \/>\n<meta property=\"article:modified_time\" content=\"2026-03-29T16:29:50+00:00\" \/>\n<meta name=\"twitter:card\" content=\"summary_large_image\" \/>\n<meta name=\"twitter:label1\" content=\"Est. reading time\" \/>\n\t<meta name=\"twitter:data1\" content=\"1 minute\" \/>\n<script type=\"application\/ld+json\" class=\"yoast-schema-graph\">{\"@context\":\"https:\\\/\\\/schema.org\",\"@graph\":[{\"@type\":\"WebPage\",\"@id\":\"https:\\\/\\\/apexmovementculture.com\\\/contacto-entrenador-personal-cerca-de-mi\\\/\",\"url\":\"https:\\\/\\\/apexmovementculture.com\\\/contacto-entrenador-personal-cerca-de-mi\\\/\",\"name\":\"Contact - APEX\",\"isPartOf\":{\"@id\":\"https:\\\/\\\/apexmovementculture.com\\\/#website\"},\"datePublished\":\"2025-10-08T15:44:58+00:00\",\"dateModified\":\"2026-03-29T16:29:50+00:00\",\"description\":\"Contacta con Apex en Barcelona, C\\\/ Comte Borrell 128. Resuelve tus dudas de entreno y fisio. \u00a1Escr\u00edbenos y empieza tu cambio!\",\"breadcrumb\":{\"@id\":\"https:\\\/\\\/apexmovementculture.com\\\/contacto-entrenador-personal-cerca-de-mi\\\/#breadcrumb\"},\"inLanguage\":\"en-US\",\"potentialAction\":[{\"@type\":\"ReadAction\",\"target\":[\"https:\\\/\\\/apexmovementculture.com\\\/contacto-entrenador-personal-cerca-de-mi\\\/\"]}]},{\"@type\":\"BreadcrumbList\",\"@id\":\"https:\\\/\\\/apexmovementculture.com\\\/contacto-entrenador-personal-cerca-de-mi\\\/#breadcrumb\",\"itemListElement\":[{\"@type\":\"ListItem\",\"position\":1,\"name\":\"Home\",\"item\":\"https:\\\/\\\/apexmovementculture.com\\\/\"},{\"@type\":\"ListItem\",\"position\":2,\"name\":\"Contact\"}]},{\"@type\":\"WebSite\",\"@id\":\"https:\\\/\\\/apexmovementculture.com\\\/#website\",\"url\":\"https:\\\/\\\/apexmovementculture.com\\\/\",\"name\":\"APEX\",\"description\":\"\",\"publisher\":{\"@id\":\"https:\\\/\\\/apexmovementculture.com\\\/#organization\"},\"potentialAction\":[{\"@type\":\"SearchAction\",\"target\":{\"@type\":\"EntryPoint\",\"urlTemplate\":\"https:\\\/\\\/apexmovementculture.com\\\/?s={search_term_string}\"},\"query-input\":{\"@type\":\"PropertyValueSpecification\",\"valueRequired\":true,\"valueName\":\"search_term_string\"}}],\"inLanguage\":\"en-US\"},{\"@type\":\"Organization\",\"@id\":\"https:\\\/\\\/apexmovementculture.com\\\/#organization\",\"name\":\"APEX\",\"url\":\"https:\\\/\\\/apexmovementculture.com\\\/\",\"logo\":{\"@type\":\"ImageObject\",\"inLanguage\":\"en-US\",\"@id\":\"https:\\\/\\\/apexmovementculture.com\\\/#\\\/schema\\\/logo\\\/image\\\/\",\"url\":\"https:\\\/\\\/i0.wp.com\\\/apexmovementculture.com\\\/wp-content\\\/uploads\\\/2025\\\/10\\\/cropped-logo-1.png?fit=414%2C119&ssl=1\",\"contentUrl\":\"https:\\\/\\\/i0.wp.com\\\/apexmovementculture.com\\\/wp-content\\\/uploads\\\/2025\\\/10\\\/cropped-logo-1.png?fit=414%2C119&ssl=1\",\"width\":414,\"height\":119,\"caption\":\"APEX\"},\"image\":{\"@id\":\"https:\\\/\\\/apexmovementculture.com\\\/#\\\/schema\\\/logo\\\/image\\\/\"},\"sameAs\":[\"https:\\\/\\\/www.instagram.com\\\/apexmovementculture\"]}]}<\/script>\n<!-- \/ Yoast SEO plugin. -->","yoast_head_json":{"title":"Contact - APEX","description":"Contacta con Apex en Barcelona, C\/ Comte Borrell 128. Resuelve tus dudas de entreno y fisio. \u00a1Escr\u00edbenos y empieza tu cambio!","robots":{"index":"index","follow":"follow","max-snippet":"max-snippet:-1","max-image-preview":"max-image-preview:large","max-video-preview":"max-video-preview:-1"},"canonical":"https:\/\/apexmovementculture.com\/en\/contacto-entrenador-personal-cerca-de-mi\/","og_locale":"en_US","og_type":"article","og_title":"Contact - APEX","og_description":"Contacta con Apex en Barcelona, C\/ Comte Borrell 128. Resuelve tus dudas de entreno y fisio. \u00a1Escr\u00edbenos y empieza tu cambio!","og_url":"https:\/\/apexmovementculture.com\/en\/contacto-entrenador-personal-cerca-de-mi\/","og_site_name":"APEX","article_modified_time":"2026-03-29T16:29:50+00:00","twitter_card":"summary_large_image","twitter_misc":{"Est. reading time":"1 minute"},"schema":{"@context":"https:\/\/schema.org","@graph":[{"@type":"WebPage","@id":"https:\/\/apexmovementculture.com\/contacto-entrenador-personal-cerca-de-mi\/","url":"https:\/\/apexmovementculture.com\/contacto-entrenador-personal-cerca-de-mi\/","name":"Contact - APEX","isPartOf":{"@id":"https:\/\/apexmovementculture.com\/#website"},"datePublished":"2025-10-08T15:44:58+00:00","dateModified":"2026-03-29T16:29:50+00:00","description":"Contacta con Apex en Barcelona, C\/ Comte Borrell 128. Resuelve tus dudas de entreno y fisio. \u00a1Escr\u00edbenos y empieza tu cambio!","breadcrumb":{"@id":"https:\/\/apexmovementculture.com\/contacto-entrenador-personal-cerca-de-mi\/#breadcrumb"},"inLanguage":"en-US","potentialAction":[{"@type":"ReadAction","target":["https:\/\/apexmovementculture.com\/contacto-entrenador-personal-cerca-de-mi\/"]}]},{"@type":"BreadcrumbList","@id":"https:\/\/apexmovementculture.com\/contacto-entrenador-personal-cerca-de-mi\/#breadcrumb","itemListElement":[{"@type":"ListItem","position":1,"name":"Home","item":"https:\/\/apexmovementculture.com\/"},{"@type":"ListItem","position":2,"name":"Contact"}]},{"@type":"WebSite","@id":"https:\/\/apexmovementculture.com\/#website","url":"https:\/\/apexmovementculture.com\/","name":"APEX","description":"","publisher":{"@id":"https:\/\/apexmovementculture.com\/#organization"},"potentialAction":[{"@type":"SearchAction","target":{"@type":"EntryPoint","urlTemplate":"https:\/\/apexmovementculture.com\/?s={search_term_string}"},"query-input":{"@type":"PropertyValueSpecification","valueRequired":true,"valueName":"search_term_string"}}],"inLanguage":"en-US"},{"@type":"Organization","@id":"https:\/\/apexmovementculture.com\/#organization","name":"APEX","url":"https:\/\/apexmovementculture.com\/","logo":{"@type":"ImageObject","inLanguage":"en-US","@id":"https:\/\/apexmovementculture.com\/#\/schema\/logo\/image\/","url":"https:\/\/i0.wp.com\/apexmovementculture.com\/wp-content\/uploads\/2025\/10\/cropped-logo-1.png?fit=414%2C119&ssl=1","contentUrl":"https:\/\/i0.wp.com\/apexmovementculture.com\/wp-content\/uploads\/2025\/10\/cropped-logo-1.png?fit=414%2C119&ssl=1","width":414,"height":119,"caption":"APEX"},"image":{"@id":"https:\/\/apexmovementculture.com\/#\/schema\/logo\/image\/"},"sameAs":["https:\/\/www.instagram.com\/apexmovementculture"]}]}},"jetpack_sharing_enabled":true,"_links":{"self":[{"href":"https:\/\/apexmovementculture.com\/en\/wp-json\/wp\/v2\/pages\/397","targetHints":{"allow":["GET"]}}],"collection":[{"href":"https:\/\/apexmovementculture.com\/en\/wp-json\/wp\/v2\/pages"}],"about":[{"href":"https:\/\/apexmovementculture.com\/en\/wp-json\/wp\/v2\/types\/page"}],"author":[{"embeddable":true,"href":"https:\/\/apexmovementculture.com\/en\/wp-json\/wp\/v2\/users\/1"}],"replies":[{"embeddable":true,"href":"https:\/\/apexmovementculture.com\/en\/wp-json\/wp\/v2\/comments?post=397"}],"version-history":[{"count":74,"href":"https:\/\/apexmovementculture.com\/en\/wp-json\/wp\/v2\/pages\/397\/revisions"}],"predecessor-version":[{"id":1655,"href":"https:\/\/apexmovementculture.com\/en\/wp-json\/wp\/v2\/pages\/397\/revisions\/1655"}],"wp:attachment":[{"href":"https:\/\/apexmovementculture.com\/en\/wp-json\/wp\/v2\/media?parent=397"}],"curies":[{"name":"wp","href":"https:\/\/api.w.org\/{rel}","templated":true}]}}