{"id":1187,"date":"2025-12-23T10:08:14","date_gmt":"2025-12-23T10:08:14","guid":{"rendered":"https:\/\/apexmovementculture.com\/?page_id=1187"},"modified":"2025-12-23T10:17:47","modified_gmt":"2025-12-23T10:17:47","slug":"blog","status":"publish","type":"page","link":"https:\/\/apexmovementculture.com\/en\/blog\/","title":{"rendered":"Blog"},"content":{"rendered":"<div data-elementor-type=\"wp-page\" data-elementor-id=\"1187\" class=\"elementor elementor-1187\" data-elementor-post-type=\"page\">\n\t\t\t\t<div class=\"elementor-element elementor-element-7cc70ea0 e-flex e-con-boxed e-con e-parent\" data-id=\"7cc70ea0\" data-element_type=\"container\" data-e-type=\"container\">\n\t\t\t\t\t<div class=\"e-con-inner\">\n\t\t\t\t<div class=\"elementor-element elementor-element-2707dada elementor-posts__hover-none elementor-grid-3 elementor-grid-tablet-2 elementor-grid-mobile-1 elementor-posts--thumbnail-top elementor-widget elementor-widget-posts\" data-id=\"2707dada\" data-element_type=\"widget\" data-e-type=\"widget\" data-settings=\"{&quot;cards_row_gap&quot;:{&quot;unit&quot;:&quot;px&quot;,&quot;size&quot;:80,&quot;sizes&quot;:[]},&quot;cards_row_gap_tablet&quot;:{&quot;unit&quot;:&quot;px&quot;,&quot;size&quot;:71,&quot;sizes&quot;:[]},&quot;cards_row_gap_mobile&quot;:{&quot;unit&quot;:&quot;px&quot;,&quot;size&quot;:30,&quot;sizes&quot;:[]},&quot;cards_columns&quot;:&quot;3&quot;,&quot;cards_columns_tablet&quot;:&quot;2&quot;,&quot;cards_columns_mobile&quot;:&quot;1&quot;}\" data-widget_type=\"posts.cards\">\n\t\t\t\t<div class=\"elementor-widget-container\">\n\t\t\t\t\t\t\t<div class=\"elementor-posts-container elementor-posts elementor-posts--skin-cards elementor-grid\" role=\"list\">\n\t\t\t\t<article class=\"elementor-post elementor-grid-item post-1474 post type-post status-publish format-standard hentry category-uncategorized\" role=\"listitem\">\n\t\t\t<div class=\"elementor-post__card\">\n\t\t\t\t<div class=\"elementor-post__text\">\n\t\t\t\t<h4 class=\"elementor-post__title\">\n\t\t\t<a href=\"https:\/\/apexmovementculture.com\/en\/que-es-la-biomecanica-para-que-sirve\/\" >\n\t\t\t\tBiomec\u00e1nica de la carrera: qu\u00e9 es, para qu\u00e9 sirve y c\u00f3mo puede ayudarte a correr mejor\t\t\t<\/a>\n\t\t<\/h4>\n\t\t\t\t<div class=\"elementor-post__excerpt\">\n\t\t\t<p>Cada vez m\u00e1s personas descubren el running como una forma de mantenerse en forma, desconectar del estr\u00e9s o superar nuevos<\/p>\n\t\t<\/div>\n\t\t\n\t\t<a class=\"elementor-post__read-more\" href=\"https:\/\/apexmovementculture.com\/en\/que-es-la-biomecanica-para-que-sirve\/\" aria-label=\"Read more about Biomec\u00e1nica de la carrera: qu\u00e9 es, para qu\u00e9 sirve y c\u00f3mo puede ayudarte a correr mejor\" tabindex=\"-1\" >\n\t\t\tLeer m\u00e1s\t\t<\/a>\n\n\t\t\t\t<\/div>\n\t\t\t\t\t<\/div>\n\t\t<\/article>\n\t\t\t\t<article class=\"elementor-post elementor-grid-item post-1369 post type-post status-publish format-standard hentry category-uncategorized\" role=\"listitem\">\n\t\t\t<div class=\"elementor-post__card\">\n\t\t\t\t<div class=\"elementor-post__text\">\n\t\t\t\t<h4 class=\"elementor-post__title\">\n\t\t\t<a href=\"https:\/\/apexmovementculture.com\/en\/que-tengo-que-comer-antes-y-despues-de-entrenar\/\" >\n\t\t\t\tQu\u00e9 comer antes y despu\u00e9s de entrenar para maximizar resultados\t\t\t<\/a>\n\t\t<\/h4>\n\t\t\t\t<div class=\"elementor-post__excerpt\">\n\t\t\t<p>Seguro que te ha pasado alguna vez: llegas al gimnasio o sales a correr y, a los diez minutos, sientes<\/p>\n\t\t<\/div>\n\t\t\n\t\t<a class=\"elementor-post__read-more\" href=\"https:\/\/apexmovementculture.com\/en\/que-tengo-que-comer-antes-y-despues-de-entrenar\/\" aria-label=\"Read more about Qu\u00e9 comer antes y despu\u00e9s de entrenar para maximizar resultados\" tabindex=\"-1\" >\n\t\t\tLeer m\u00e1s\t\t<\/a>\n\n\t\t\t\t<\/div>\n\t\t\t\t\t<\/div>\n\t\t<\/article>\n\t\t\t\t<article class=\"elementor-post elementor-grid-item post-1209 post type-post status-publish format-standard hentry category-uncategorized\" role=\"listitem\">\n\t\t\t<div class=\"elementor-post__card\">\n\t\t\t\t<div class=\"elementor-post__text\">\n\t\t\t\t<h4 class=\"elementor-post__title\">\n\t\t\t<a href=\"https:\/\/apexmovementculture.com\/en\/cuando-aplicar-frio-o-calor-en-una-lesion\/\" >\n\t\t\t\t\u00bfFr\u00edo o calor para una lesi\u00f3n? Gu\u00eda definitiva del fisioterapeuta\t\t\t<\/a>\n\t\t<\/h4>\n\t\t\t\t<div class=\"elementor-post__excerpt\">\n\t\t\t<p>Te acabas de torcer el tobillo bajando un bordillo. O quiz\u00e1s te has levantado con el cuello totalmente r\u00edgido (\u00abclavado\u00bb)<\/p>\n\t\t<\/div>\n\t\t\n\t\t<a class=\"elementor-post__read-more\" href=\"https:\/\/apexmovementculture.com\/en\/cuando-aplicar-frio-o-calor-en-una-lesion\/\" aria-label=\"Read more about \u00bfFr\u00edo o calor para una lesi\u00f3n? Gu\u00eda definitiva del fisioterapeuta\" tabindex=\"-1\" >\n\t\t\tLeer m\u00e1s\t\t<\/a>\n\n\t\t\t\t<\/div>\n\t\t\t\t\t<\/div>\n\t\t<\/article>\n\t\t\t\t<article class=\"elementor-post elementor-grid-item post-1185 post type-post status-publish format-standard hentry category-uncategorized\" role=\"listitem\">\n\t\t\t<div class=\"elementor-post__card\">\n\t\t\t\t<div class=\"elementor-post__text\">\n\t\t\t\t<h4 class=\"elementor-post__title\">\n\t\t\t<a href=\"https:\/\/apexmovementculture.com\/en\/que-es-la-rodilla-del-corredor-sintomas\/\" >\n\t\t\t\tRodilla del corredor: Causas, s\u00edntomas y tratamiento en Barcelona\t\t\t<\/a>\n\t\t<\/h4>\n\t\t\t\t<div class=\"elementor-post__excerpt\">\n\t\t\t<p>\u00bfHas notado un pinchazo agudo en la parte externa de la rodilla mientras corr\u00edas por la Diagonal o sub\u00edas hacia<\/p>\n\t\t<\/div>\n\t\t\n\t\t<a class=\"elementor-post__read-more\" href=\"https:\/\/apexmovementculture.com\/en\/que-es-la-rodilla-del-corredor-sintomas\/\" aria-label=\"Read more about Rodilla del corredor: Causas, s\u00edntomas y tratamiento en Barcelona\" tabindex=\"-1\" >\n\t\t\tLeer m\u00e1s\t\t<\/a>\n\n\t\t\t\t<\/div>\n\t\t\t\t\t<\/div>\n\t\t<\/article>\n\t\t\t\t<\/div>\n\t\t\n\t\t\t\t\t\t<\/div>\n\t\t\t\t<\/div>\n\t\t\t\t\t<\/div>\n\t\t\t\t<\/div>\n\t\t\t\t<\/div>","protected":false},"excerpt":{"rendered":"","protected":false},"author":3,"featured_media":0,"parent":0,"menu_order":0,"comment_status":"closed","ping_status":"closed","template":"","meta":{"footnotes":""},"class_list":["post-1187","page","type-page","status-publish","hentry"],"yoast_head":"<!-- This site is optimized with the Yoast SEO plugin v27.4 - https:\/\/yoast.com\/product\/yoast-seo-wordpress\/ -->\n<title>Blog - APEX<\/title>\n<meta name=\"robots\" content=\"index, follow, max-snippet:-1, max-image-preview:large, max-video-preview:-1\" \/>\n<link rel=\"canonical\" href=\"https:\/\/apexmovementculture.com\/en\/blog\/\" \/>\n<meta property=\"og:locale\" content=\"en_US\" \/>\n<meta property=\"og:type\" content=\"article\" \/>\n<meta property=\"og:title\" content=\"Blog - APEX\" \/>\n<meta property=\"og:url\" content=\"https:\/\/apexmovementculture.com\/en\/blog\/\" \/>\n<meta property=\"og:site_name\" content=\"APEX\" \/>\n<meta property=\"article:modified_time\" content=\"2025-12-23T10:17:47+00:00\" \/>\n<meta name=\"twitter:card\" content=\"summary_large_image\" \/>\n<meta name=\"twitter:label1\" content=\"Est. reading time\" \/>\n\t<meta name=\"twitter:data1\" content=\"1 minute\" \/>\n<script type=\"application\/ld+json\" class=\"yoast-schema-graph\">{\"@context\":\"https:\\\/\\\/schema.org\",\"@graph\":[{\"@type\":\"WebPage\",\"@id\":\"https:\\\/\\\/apexmovementculture.com\\\/blog\\\/\",\"url\":\"https:\\\/\\\/apexmovementculture.com\\\/blog\\\/\",\"name\":\"Blog - APEX\",\"isPartOf\":{\"@id\":\"https:\\\/\\\/apexmovementculture.com\\\/#website\"},\"datePublished\":\"2025-12-23T10:08:14+00:00\",\"dateModified\":\"2025-12-23T10:17:47+00:00\",\"breadcrumb\":{\"@id\":\"https:\\\/\\\/apexmovementculture.com\\\/blog\\\/#breadcrumb\"},\"inLanguage\":\"en-US\",\"potentialAction\":[{\"@type\":\"ReadAction\",\"target\":[\"https:\\\/\\\/apexmovementculture.com\\\/blog\\\/\"]}]},{\"@type\":\"BreadcrumbList\",\"@id\":\"https:\\\/\\\/apexmovementculture.com\\\/blog\\\/#breadcrumb\",\"itemListElement\":[{\"@type\":\"ListItem\",\"position\":1,\"name\":\"Home\",\"item\":\"https:\\\/\\\/apexmovementculture.com\\\/\"},{\"@type\":\"ListItem\",\"position\":2,\"name\":\"Blog\"}]},{\"@type\":\"WebSite\",\"@id\":\"https:\\\/\\\/apexmovementculture.com\\\/#website\",\"url\":\"https:\\\/\\\/apexmovementculture.com\\\/\",\"name\":\"APEX\",\"description\":\"\",\"publisher\":{\"@id\":\"https:\\\/\\\/apexmovementculture.com\\\/#organization\"},\"potentialAction\":[{\"@type\":\"SearchAction\",\"target\":{\"@type\":\"EntryPoint\",\"urlTemplate\":\"https:\\\/\\\/apexmovementculture.com\\\/?s={search_term_string}\"},\"query-input\":{\"@type\":\"PropertyValueSpecification\",\"valueRequired\":true,\"valueName\":\"search_term_string\"}}],\"inLanguage\":\"en-US\"},{\"@type\":\"Organization\",\"@id\":\"https:\\\/\\\/apexmovementculture.com\\\/#organization\",\"name\":\"APEX\",\"url\":\"https:\\\/\\\/apexmovementculture.com\\\/\",\"logo\":{\"@type\":\"ImageObject\",\"inLanguage\":\"en-US\",\"@id\":\"https:\\\/\\\/apexmovementculture.com\\\/#\\\/schema\\\/logo\\\/image\\\/\",\"url\":\"https:\\\/\\\/i0.wp.com\\\/apexmovementculture.com\\\/wp-content\\\/uploads\\\/2025\\\/10\\\/cropped-logo-1.png?fit=414%2C119&ssl=1\",\"contentUrl\":\"https:\\\/\\\/i0.wp.com\\\/apexmovementculture.com\\\/wp-content\\\/uploads\\\/2025\\\/10\\\/cropped-logo-1.png?fit=414%2C119&ssl=1\",\"width\":414,\"height\":119,\"caption\":\"APEX\"},\"image\":{\"@id\":\"https:\\\/\\\/apexmovementculture.com\\\/#\\\/schema\\\/logo\\\/image\\\/\"},\"sameAs\":[\"https:\\\/\\\/www.instagram.com\\\/apexmovementculture\"]}]}<\/script>\n<!-- \/ Yoast SEO plugin. -->","yoast_head_json":{"title":"Blog - APEX","robots":{"index":"index","follow":"follow","max-snippet":"max-snippet:-1","max-image-preview":"max-image-preview:large","max-video-preview":"max-video-preview:-1"},"canonical":"https:\/\/apexmovementculture.com\/en\/blog\/","og_locale":"en_US","og_type":"article","og_title":"Blog - APEX","og_url":"https:\/\/apexmovementculture.com\/en\/blog\/","og_site_name":"APEX","article_modified_time":"2025-12-23T10:17:47+00:00","twitter_card":"summary_large_image","twitter_misc":{"Est. reading time":"1 minute"},"schema":{"@context":"https:\/\/schema.org","@graph":[{"@type":"WebPage","@id":"https:\/\/apexmovementculture.com\/blog\/","url":"https:\/\/apexmovementculture.com\/blog\/","name":"Blog - APEX","isPartOf":{"@id":"https:\/\/apexmovementculture.com\/#website"},"datePublished":"2025-12-23T10:08:14+00:00","dateModified":"2025-12-23T10:17:47+00:00","breadcrumb":{"@id":"https:\/\/apexmovementculture.com\/blog\/#breadcrumb"},"inLanguage":"en-US","potentialAction":[{"@type":"ReadAction","target":["https:\/\/apexmovementculture.com\/blog\/"]}]},{"@type":"BreadcrumbList","@id":"https:\/\/apexmovementculture.com\/blog\/#breadcrumb","itemListElement":[{"@type":"ListItem","position":1,"name":"Home","item":"https:\/\/apexmovementculture.com\/"},{"@type":"ListItem","position":2,"name":"Blog"}]},{"@type":"WebSite","@id":"https:\/\/apexmovementculture.com\/#website","url":"https:\/\/apexmovementculture.com\/","name":"APEX","description":"","publisher":{"@id":"https:\/\/apexmovementculture.com\/#organization"},"potentialAction":[{"@type":"SearchAction","target":{"@type":"EntryPoint","urlTemplate":"https:\/\/apexmovementculture.com\/?s={search_term_string}"},"query-input":{"@type":"PropertyValueSpecification","valueRequired":true,"valueName":"search_term_string"}}],"inLanguage":"en-US"},{"@type":"Organization","@id":"https:\/\/apexmovementculture.com\/#organization","name":"APEX","url":"https:\/\/apexmovementculture.com\/","logo":{"@type":"ImageObject","inLanguage":"en-US","@id":"https:\/\/apexmovementculture.com\/#\/schema\/logo\/image\/","url":"https:\/\/i0.wp.com\/apexmovementculture.com\/wp-content\/uploads\/2025\/10\/cropped-logo-1.png?fit=414%2C119&ssl=1","contentUrl":"https:\/\/i0.wp.com\/apexmovementculture.com\/wp-content\/uploads\/2025\/10\/cropped-logo-1.png?fit=414%2C119&ssl=1","width":414,"height":119,"caption":"APEX"},"image":{"@id":"https:\/\/apexmovementculture.com\/#\/schema\/logo\/image\/"},"sameAs":["https:\/\/www.instagram.com\/apexmovementculture"]}]}},"jetpack_sharing_enabled":true,"_links":{"self":[{"href":"https:\/\/apexmovementculture.com\/en\/wp-json\/wp\/v2\/pages\/1187","targetHints":{"allow":["GET"]}}],"collection":[{"href":"https:\/\/apexmovementculture.com\/en\/wp-json\/wp\/v2\/pages"}],"about":[{"href":"https:\/\/apexmovementculture.com\/en\/wp-json\/wp\/v2\/types\/page"}],"author":[{"embeddable":true,"href":"https:\/\/apexmovementculture.com\/en\/wp-json\/wp\/v2\/users\/3"}],"replies":[{"embeddable":true,"href":"https:\/\/apexmovementculture.com\/en\/wp-json\/wp\/v2\/comments?post=1187"}],"version-history":[{"count":11,"href":"https:\/\/apexmovementculture.com\/en\/wp-json\/wp\/v2\/pages\/1187\/revisions"}],"predecessor-version":[{"id":1200,"href":"https:\/\/apexmovementculture.com\/en\/wp-json\/wp\/v2\/pages\/1187\/revisions\/1200"}],"wp:attachment":[{"href":"https:\/\/apexmovementculture.com\/en\/wp-json\/wp\/v2\/media?parent=1187"}],"curies":[{"name":"wp","href":"https:\/\/api.w.org\/{rel}","templated":true}]}}